{"id":284,"date":"2025-02-14T12:01:05","date_gmt":"2025-02-14T11:01:05","guid":{"rendered":"http:\/\/wohnen-auf-zeit24.de\/woz\/?page_id=284"},"modified":"2025-02-22T14:48:28","modified_gmt":"2025-02-22T13:48:28","slug":"apartment-1","status":"publish","type":"page","link":"https:\/\/wohnen-auf-zeit24.de\/woz\/apartment-1\/","title":{"rendered":"Apartment 1"},"content":{"rendered":"\n<p><strong>2-Zimmer-Wohnung im Erdgeschoss<\/strong><\/p>\n\n\n\n<p>Dieses helle, modern eingerichtete Apartment bietet Ihnen ein komfortables Zuhause. Die Wohnung verf\u00fcgt \u00fcber zwei gro\u00dfz\u00fcgige Zimmer, darunter einen Wohnbereich sowie ein Schlafzimmer. Die integrierte K\u00fcche ist vollst\u00e4ndig ausgestattet und f\u00fcgt sich harmonisch in das Gesamtbild der Wohnung ein.<\/p>\n\n\n\n<p>Dank der gro\u00dfen Fenster ist die Wohnung lichtdurchflutet und schafft eine angenehme Wohnatmosph\u00e4re.<\/p>\n\n\n\n<p><strong>Mietkonditionen:<\/strong><\/p>\n\n\n\n<ul class=\"wp-block-list\">\n<li><strong>Monatliche Miete:<\/strong> 1.200,-<\/li>\n\n\n\n<li><strong>Nebenkosten:<\/strong> 150,- \u20ac<\/li>\n<\/ul>\n\n\n\n<p>Sollten Sie weitere Fragen zu diesem Apartment haben, setzen Sie sich bitte mit uns in Verbindung.<\/p>\n\n\n\n<figure class=\"wp-block-gallery has-nested-images columns-default is-cropped wp-block-gallery-1 is-layout-flex wp-block-gallery-is-layout-flex\">\n<figure class=\"wp-block-image size-large\"><img loading=\"lazy\" decoding=\"async\" width=\"1024\" height=\"768\" data-id=\"223\" src=\"http:\/\/wohnen-auf-zeit24.de\/woz\/wp-content\/uploads\/2025\/02\/Wohnzimmer-1024x768.jpg\" alt=\"\" class=\"wp-image-223\" srcset=\"https:\/\/wohnen-auf-zeit24.de\/woz\/wp-content\/uploads\/2025\/02\/Wohnzimmer-1024x768.jpg 1024w, https:\/\/wohnen-auf-zeit24.de\/woz\/wp-content\/uploads\/2025\/02\/Wohnzimmer-300x225.jpg 300w, https:\/\/wohnen-auf-zeit24.de\/woz\/wp-content\/uploads\/2025\/02\/Wohnzimmer-768x576.jpg 768w, https:\/\/wohnen-auf-zeit24.de\/woz\/wp-content\/uploads\/2025\/02\/Wohnzimmer-1536x1152.jpg 1536w, https:\/\/wohnen-auf-zeit24.de\/woz\/wp-content\/uploads\/2025\/02\/Wohnzimmer.jpg 1600w\" sizes=\"auto, (max-width: 1024px) 100vw, 1024px\" \/><\/figure>\n\n\n\n<figure class=\"wp-block-image size-large\"><img loading=\"lazy\" decoding=\"async\" width=\"768\" height=\"1024\" data-id=\"269\" src=\"http:\/\/wohnen-auf-zeit24.de\/woz\/wp-content\/uploads\/2025\/02\/17.01.2022-001-768x1024.jpg\" alt=\"\" class=\"wp-image-269\" srcset=\"https:\/\/wohnen-auf-zeit24.de\/woz\/wp-content\/uploads\/2025\/02\/17.01.2022-001-768x1024.jpg 768w, https:\/\/wohnen-auf-zeit24.de\/woz\/wp-content\/uploads\/2025\/02\/17.01.2022-001-225x300.jpg 225w, https:\/\/wohnen-auf-zeit24.de\/woz\/wp-content\/uploads\/2025\/02\/17.01.2022-001-1152x1536.jpg 1152w, https:\/\/wohnen-auf-zeit24.de\/woz\/wp-content\/uploads\/2025\/02\/17.01.2022-001-1536x2048.jpg 1536w, https:\/\/wohnen-auf-zeit24.de\/woz\/wp-content\/uploads\/2025\/02\/17.01.2022-001-scaled.jpg 1920w\" sizes=\"auto, (max-width: 768px) 100vw, 768px\" \/><\/figure>\n\n\n\n<figure class=\"wp-block-image size-large\"><img loading=\"lazy\" decoding=\"async\" width=\"768\" height=\"1024\" data-id=\"270\" src=\"http:\/\/wohnen-auf-zeit24.de\/woz\/wp-content\/uploads\/2025\/02\/17.01.2022-002-768x1024.jpg\" alt=\"\" class=\"wp-image-270\" srcset=\"https:\/\/wohnen-auf-zeit24.de\/woz\/wp-content\/uploads\/2025\/02\/17.01.2022-002-768x1024.jpg 768w, https:\/\/wohnen-auf-zeit24.de\/woz\/wp-content\/uploads\/2025\/02\/17.01.2022-002-225x300.jpg 225w, https:\/\/wohnen-auf-zeit24.de\/woz\/wp-content\/uploads\/2025\/02\/17.01.2022-002-1152x1536.jpg 1152w, https:\/\/wohnen-auf-zeit24.de\/woz\/wp-content\/uploads\/2025\/02\/17.01.2022-002-1536x2048.jpg 1536w, https:\/\/wohnen-auf-zeit24.de\/woz\/wp-content\/uploads\/2025\/02\/17.01.2022-002-scaled.jpg 1920w\" sizes=\"auto, (max-width: 768px) 100vw, 768px\" \/><\/figure>\n\n\n\n<figure class=\"wp-block-image size-large\"><img loading=\"lazy\" decoding=\"async\" width=\"768\" height=\"1024\" data-id=\"271\" src=\"http:\/\/wohnen-auf-zeit24.de\/woz\/wp-content\/uploads\/2025\/02\/17.01.2022-003-768x1024.jpg\" alt=\"\" class=\"wp-image-271\" srcset=\"https:\/\/wohnen-auf-zeit24.de\/woz\/wp-content\/uploads\/2025\/02\/17.01.2022-003-768x1024.jpg 768w, https:\/\/wohnen-auf-zeit24.de\/woz\/wp-content\/uploads\/2025\/02\/17.01.2022-003-225x300.jpg 225w, https:\/\/wohnen-auf-zeit24.de\/woz\/wp-content\/uploads\/2025\/02\/17.01.2022-003-1152x1536.jpg 1152w, https:\/\/wohnen-auf-zeit24.de\/woz\/wp-content\/uploads\/2025\/02\/17.01.2022-003-1536x2048.jpg 1536w, https:\/\/wohnen-auf-zeit24.de\/woz\/wp-content\/uploads\/2025\/02\/17.01.2022-003-scaled.jpg 1920w\" sizes=\"auto, (max-width: 768px) 100vw, 768px\" \/><\/figure>\n\n\n\n<figure class=\"wp-block-image size-large\"><img loading=\"lazy\" decoding=\"async\" width=\"1024\" height=\"1024\" data-id=\"272\" src=\"http:\/\/wohnen-auf-zeit24.de\/woz\/wp-content\/uploads\/2025\/02\/20191028_122250-1024x1024.jpg\" alt=\"\" class=\"wp-image-272\" srcset=\"https:\/\/wohnen-auf-zeit24.de\/woz\/wp-content\/uploads\/2025\/02\/20191028_122250-1024x1024.jpg 1024w, https:\/\/wohnen-auf-zeit24.de\/woz\/wp-content\/uploads\/2025\/02\/20191028_122250-300x300.jpg 300w, https:\/\/wohnen-auf-zeit24.de\/woz\/wp-content\/uploads\/2025\/02\/20191028_122250-150x150.jpg 150w, https:\/\/wohnen-auf-zeit24.de\/woz\/wp-content\/uploads\/2025\/02\/20191028_122250-768x768.jpg 768w, https:\/\/wohnen-auf-zeit24.de\/woz\/wp-content\/uploads\/2025\/02\/20191028_122250-1536x1536.jpg 1536w, https:\/\/wohnen-auf-zeit24.de\/woz\/wp-content\/uploads\/2025\/02\/20191028_122250-2048x2048.jpg 2048w, https:\/\/wohnen-auf-zeit24.de\/woz\/wp-content\/uploads\/2025\/02\/20191028_122250-100x100.jpg 100w\" sizes=\"auto, (max-width: 1024px) 100vw, 1024px\" \/><\/figure>\n\n\n\n<figure class=\"wp-block-image size-large\"><img loading=\"lazy\" decoding=\"async\" width=\"768\" height=\"1024\" data-id=\"273\" src=\"http:\/\/wohnen-auf-zeit24.de\/woz\/wp-content\/uploads\/2025\/02\/20230117_184026-Kopie-2-768x1024.jpg\" alt=\"\" class=\"wp-image-273\" srcset=\"https:\/\/wohnen-auf-zeit24.de\/woz\/wp-content\/uploads\/2025\/02\/20230117_184026-Kopie-2-768x1024.jpg 768w, https:\/\/wohnen-auf-zeit24.de\/woz\/wp-content\/uploads\/2025\/02\/20230117_184026-Kopie-2-225x300.jpg 225w, https:\/\/wohnen-auf-zeit24.de\/woz\/wp-content\/uploads\/2025\/02\/20230117_184026-Kopie-2-1152x1536.jpg 1152w, https:\/\/wohnen-auf-zeit24.de\/woz\/wp-content\/uploads\/2025\/02\/20230117_184026-Kopie-2-1536x2048.jpg 1536w, https:\/\/wohnen-auf-zeit24.de\/woz\/wp-content\/uploads\/2025\/02\/20230117_184026-Kopie-2-scaled.jpg 1920w\" sizes=\"auto, (max-width: 768px) 100vw, 768px\" \/><\/figure>\n\n\n\n<figure class=\"wp-block-image size-large\"><img loading=\"lazy\" decoding=\"async\" width=\"768\" height=\"1024\" data-id=\"274\" src=\"http:\/\/wohnen-auf-zeit24.de\/woz\/wp-content\/uploads\/2025\/02\/IMG-20220105-WA0002-768x1024.jpg\" alt=\"\" class=\"wp-image-274\" srcset=\"https:\/\/wohnen-auf-zeit24.de\/woz\/wp-content\/uploads\/2025\/02\/IMG-20220105-WA0002-768x1024.jpg 768w, https:\/\/wohnen-auf-zeit24.de\/woz\/wp-content\/uploads\/2025\/02\/IMG-20220105-WA0002-225x300.jpg 225w, https:\/\/wohnen-auf-zeit24.de\/woz\/wp-content\/uploads\/2025\/02\/IMG-20220105-WA0002-1152x1536.jpg 1152w, https:\/\/wohnen-auf-zeit24.de\/woz\/wp-content\/uploads\/2025\/02\/IMG-20220105-WA0002.jpg 1512w\" sizes=\"auto, (max-width: 768px) 100vw, 768px\" \/><\/figure>\n\n\n\n<figure class=\"wp-block-image size-large\"><img loading=\"lazy\" decoding=\"async\" width=\"1024\" height=\"768\" data-id=\"275\" src=\"http:\/\/wohnen-auf-zeit24.de\/woz\/wp-content\/uploads\/2025\/02\/November-21-004-1024x768.jpg\" alt=\"\" class=\"wp-image-275\" srcset=\"https:\/\/wohnen-auf-zeit24.de\/woz\/wp-content\/uploads\/2025\/02\/November-21-004-1024x768.jpg 1024w, https:\/\/wohnen-auf-zeit24.de\/woz\/wp-content\/uploads\/2025\/02\/November-21-004-300x225.jpg 300w, https:\/\/wohnen-auf-zeit24.de\/woz\/wp-content\/uploads\/2025\/02\/November-21-004-768x576.jpg 768w, https:\/\/wohnen-auf-zeit24.de\/woz\/wp-content\/uploads\/2025\/02\/November-21-004-1536x1152.jpg 1536w, https:\/\/wohnen-auf-zeit24.de\/woz\/wp-content\/uploads\/2025\/02\/November-21-004-2048x1536.jpg 2048w\" sizes=\"auto, (max-width: 1024px) 100vw, 1024px\" \/><\/figure>\n\n\n\n<figure class=\"wp-block-image size-large\"><img loading=\"lazy\" decoding=\"async\" width=\"768\" height=\"1024\" data-id=\"276\" src=\"http:\/\/wohnen-auf-zeit24.de\/woz\/wp-content\/uploads\/2025\/02\/November-21-047-768x1024.jpg\" alt=\"\" class=\"wp-image-276\" srcset=\"https:\/\/wohnen-auf-zeit24.de\/woz\/wp-content\/uploads\/2025\/02\/November-21-047-768x1024.jpg 768w, https:\/\/wohnen-auf-zeit24.de\/woz\/wp-content\/uploads\/2025\/02\/November-21-047-225x300.jpg 225w, https:\/\/wohnen-auf-zeit24.de\/woz\/wp-content\/uploads\/2025\/02\/November-21-047-1152x1536.jpg 1152w, https:\/\/wohnen-auf-zeit24.de\/woz\/wp-content\/uploads\/2025\/02\/November-21-047.jpg 1200w\" sizes=\"auto, (max-width: 768px) 100vw, 768px\" \/><\/figure>\n<\/figure>\n","protected":false},"excerpt":{"rendered":"<p>2-Zimmer-Wohnung im Erdgeschoss Dieses helle, modern eingerichtete Apartment bietet Ihnen ein komfortables Zuhause. Die Wohnung verf\u00fcgt \u00fcber zwei gro\u00dfz\u00fcgige Zimmer, darunter einen Wohnbereich sowie ein Schlafzimmer. Die integrierte K\u00fcche ist vollst\u00e4ndig ausgestattet und f\u00fcgt sich harmonisch in das Gesamtbild der Wohnung ein. Dank der gro\u00dfen Fenster ist die Wohnung lichtdurchflutet und schafft eine angenehme Wohnatmosph\u00e4re. [&hellip;]<\/p>\n","protected":false},"author":1,"featured_media":0,"parent":0,"menu_order":0,"comment_status":"closed","ping_status":"closed","template":"","meta":{"om_disable_all_campaigns":false,"_monsterinsights_skip_tracking":false,"_monsterinsights_sitenote_active":false,"_monsterinsights_sitenote_note":"","_monsterinsights_sitenote_category":0,"footnotes":""},"class_list":["post-284","page","type-page","status-publish","hentry"],"aioseo_notices":[],"_links":{"self":[{"href":"https:\/\/wohnen-auf-zeit24.de\/woz\/wp-json\/wp\/v2\/pages\/284","targetHints":{"allow":["GET"]}}],"collection":[{"href":"https:\/\/wohnen-auf-zeit24.de\/woz\/wp-json\/wp\/v2\/pages"}],"about":[{"href":"https:\/\/wohnen-auf-zeit24.de\/woz\/wp-json\/wp\/v2\/types\/page"}],"author":[{"embeddable":true,"href":"https:\/\/wohnen-auf-zeit24.de\/woz\/wp-json\/wp\/v2\/users\/1"}],"replies":[{"embeddable":true,"href":"https:\/\/wohnen-auf-zeit24.de\/woz\/wp-json\/wp\/v2\/comments?post=284"}],"version-history":[{"count":5,"href":"https:\/\/wohnen-auf-zeit24.de\/woz\/wp-json\/wp\/v2\/pages\/284\/revisions"}],"predecessor-version":[{"id":427,"href":"https:\/\/wohnen-auf-zeit24.de\/woz\/wp-json\/wp\/v2\/pages\/284\/revisions\/427"}],"wp:attachment":[{"href":"https:\/\/wohnen-auf-zeit24.de\/woz\/wp-json\/wp\/v2\/media?parent=284"}],"curies":[{"name":"wp","href":"https:\/\/api.w.org\/{rel}","templated":true}]}}