{"id":115,"date":"2025-02-12T17:44:25","date_gmt":"2025-02-12T16:44:25","guid":{"rendered":"http:\/\/wohnen-auf-zeit24.de\/woz\/?page_id=115"},"modified":"2025-02-14T12:33:24","modified_gmt":"2025-02-14T11:33:24","slug":"appartments","status":"publish","type":"page","link":"https:\/\/wohnen-auf-zeit24.de\/woz\/appartments\/","title":{"rendered":"Apartments"},"content":{"rendered":"\n<p>Unsere Apartments sind vollst\u00e4ndig ausgestattet und bieten Ihnen h\u00f6chsten Wohnkomfort. Sie verf\u00fcgen \u00fcber eine komplette M\u00f6blierung sowie eine voll ausgestattete K\u00fcche inklusive Geschirr und Kochutensilien.<\/p>\n\n\n\n<p>Alle unsere Apartments bieten Ihnen die M\u00f6glichkeit, den gemeinschaftlichen Garten zu nutzen. Hier k\u00f6nnen Sie entspannen, die frische Luft genie\u00dfen oder gem\u00fctliche Stunden im Gr\u00fcnen verbringen.<\/p>\n\n\n\n<p>Dank der gro\u00dfen Fenster ist die Wohnung lichtdurchflutet und schafft eine angenehme Wohnatmosph\u00e4re.<\/p>\n\n\n\n<p>Sollten Sie weitere Fragen zu diesem Apartment haben oder eine Besichtigung w\u00fcnschen, setzen Sie sich bitte mit uns in Verbindung.<\/p>\n\n\n\n<figure class=\"wp-block-image size-large\"><img loading=\"lazy\" decoding=\"async\" width=\"768\" height=\"1024\" src=\"http:\/\/wohnen-auf-zeit24.de\/woz\/wp-content\/uploads\/2025\/02\/Garten-768x1024.jpg\" alt=\"\" class=\"wp-image-351\" srcset=\"https:\/\/wohnen-auf-zeit24.de\/woz\/wp-content\/uploads\/2025\/02\/Garten-768x1024.jpg 768w, https:\/\/wohnen-auf-zeit24.de\/woz\/wp-content\/uploads\/2025\/02\/Garten-225x300.jpg 225w, https:\/\/wohnen-auf-zeit24.de\/woz\/wp-content\/uploads\/2025\/02\/Garten-1152x1536.jpg 1152w, https:\/\/wohnen-auf-zeit24.de\/woz\/wp-content\/uploads\/2025\/02\/Garten.jpg 1200w\" sizes=\"auto, (max-width: 768px) 100vw, 768px\" \/><\/figure>\n","protected":false},"excerpt":{"rendered":"<p>Unsere Apartments sind vollst\u00e4ndig ausgestattet und bieten Ihnen h\u00f6chsten Wohnkomfort. Sie verf\u00fcgen \u00fcber eine komplette M\u00f6blierung sowie eine voll ausgestattete K\u00fcche inklusive Geschirr und Kochutensilien. Alle unsere Apartments bieten Ihnen die M\u00f6glichkeit, den gemeinschaftlichen Garten zu nutzen. Hier k\u00f6nnen Sie entspannen, die frische Luft genie\u00dfen oder gem\u00fctliche Stunden im Gr\u00fcnen verbringen. Dank der gro\u00dfen Fenster [&hellip;]<\/p>\n","protected":false},"author":1,"featured_media":0,"parent":0,"menu_order":0,"comment_status":"closed","ping_status":"closed","template":"","meta":{"om_disable_all_campaigns":false,"_monsterinsights_skip_tracking":false,"_monsterinsights_sitenote_active":false,"_monsterinsights_sitenote_note":"","_monsterinsights_sitenote_category":0,"footnotes":""},"class_list":["post-115","page","type-page","status-publish","hentry"],"aioseo_notices":[],"_links":{"self":[{"href":"https:\/\/wohnen-auf-zeit24.de\/woz\/wp-json\/wp\/v2\/pages\/115","targetHints":{"allow":["GET"]}}],"collection":[{"href":"https:\/\/wohnen-auf-zeit24.de\/woz\/wp-json\/wp\/v2\/pages"}],"about":[{"href":"https:\/\/wohnen-auf-zeit24.de\/woz\/wp-json\/wp\/v2\/types\/page"}],"author":[{"embeddable":true,"href":"https:\/\/wohnen-auf-zeit24.de\/woz\/wp-json\/wp\/v2\/users\/1"}],"replies":[{"embeddable":true,"href":"https:\/\/wohnen-auf-zeit24.de\/woz\/wp-json\/wp\/v2\/comments?post=115"}],"version-history":[{"count":8,"href":"https:\/\/wohnen-auf-zeit24.de\/woz\/wp-json\/wp\/v2\/pages\/115\/revisions"}],"predecessor-version":[{"id":353,"href":"https:\/\/wohnen-auf-zeit24.de\/woz\/wp-json\/wp\/v2\/pages\/115\/revisions\/353"}],"wp:attachment":[{"href":"https:\/\/wohnen-auf-zeit24.de\/woz\/wp-json\/wp\/v2\/media?parent=115"}],"curies":[{"name":"wp","href":"https:\/\/api.w.org\/{rel}","templated":true}]}}